{"id":10,"date":"2026-01-26T11:32:16","date_gmt":"2026-01-26T11:32:16","guid":{"rendered":"https:\/\/sboproje.com\/?page_id=10"},"modified":"2026-01-26T15:20:15","modified_gmt":"2026-01-26T15:20:15","slug":"ana-sayfa","status":"publish","type":"page","link":"https:\/\/sboproje.com\/","title":{"rendered":"Ana sayfa"},"content":{"rendered":"\n<div class=\"wp-block-cover alignfull\" style=\"min-height:690px;aspect-ratio:unset;\"><img decoding=\"async\" class=\"wp-block-cover__image-background\" alt=\"\" src=\"https:\/\/sboproje.com\/wp-content\/themes\/neve\/assets\/img\/starter-content\/neve-hero-2.png\" style=\"object-position:50% 78%\" data-object-fit=\"cover\" data-object-position=\"50% 78%\"\/><span aria-hidden=\"true\" class=\"wp-block-cover__background has-background-dim-0 has-background-dim\"><\/span><div class=\"wp-block-cover__inner-container is-layout-flow wp-block-cover-is-layout-flow\">\n<div class=\"wp-block-columns are-vertically-aligned-center is-layout-flex wp-container-core-columns-is-layout-9d6595d7 wp-block-columns-is-layout-flex\">\n<div class=\"wp-block-column is-vertically-aligned-center is-layout-flow wp-block-column-is-layout-flow\" style=\"padding-right:var(--wp--preset--spacing--20);padding-left:var(--wp--preset--spacing--20);flex-basis:65%\">\n<h1 class=\"wp-block-heading has-text-align-left has-nv-text-dark-bg-color has-text-color\">SAP Business One \u0130\u015finizi Daha Ak\u0131ll\u0131 Y\u00f6netin<\/h1>\n\n\n\n<p class=\"has-text-align-left has-nv-text-dark-bg-color has-text-color\" style=\"font-size:17px\">Dan\u0131\u015fmanl\u0131k, entegrasyon ve \u00f6zel geli\u015ftirme alanlar\u0131ndaki uzmanl\u0131\u011f\u0131m\u0131zla <br>i\u015finize tam uyumlu SAP B1 uygulamalar\u0131 tasarl\u0131yoruz.<\/p>\n<\/div>\n\n\n\n<div class=\"wp-block-column is-vertically-aligned-center is-layout-flow wp-block-column-is-layout-flow\"><\/div>\n<\/div>\n<\/div><\/div>\n\n\n\n<div style=\"height:40px\" aria-hidden=\"true\" class=\"wp-block-spacer\"><\/div>\n\n\n\n<div class=\"wp-block-columns is-layout-flex wp-container-core-columns-is-layout-9d6595d7 wp-block-columns-is-layout-flex\">\n<div class=\"wp-block-column neve-duotone is-layout-flow wp-block-column-is-layout-flow\" style=\"border-style:none;border-width:0px;border-top-left-radius:0px;border-top-right-radius:0px;border-bottom-left-radius:0px;border-bottom-right-radius:0px;padding-right:var(--wp--preset--spacing--30);padding-left:var(--wp--preset--spacing--30)\"><div class=\"wp-block-image icon-style is-style-default wp-duotone-unset-1\">\n<figure class=\"aligncenter size-full has-custom-border\"><img decoding=\"async\" src=\"https:\/\/sboproje.com\/wp-content\/themes\/neve\/assets\/img\/starter-content\/neve-marketing-icon-1.png\" alt=\"\" style=\"border-radius:0px\" title=\"\"\/><\/figure>\n<\/div>\n\n\n<div style=\"height:16px\" aria-hidden=\"true\" class=\"wp-block-spacer\"><\/div>\n\n\n\n<h3 class=\"wp-block-heading has-text-align-center has-neve-text-color-color has-text-color\">\u0130\u015f S\u00fcre\u00e7leri <br>ve <br>Operasyon Y\u00f6netimi<\/h3>\n\n\n\n<p class=\"has-text-align-center\">Sat\u0131\u015f, sat\u0131nalma, depo ve \u00fcretim s\u00fcre\u00e7leriniz i\u00e7in u\u00e7tan uca i\u015f ak\u0131\u015flar\u0131 tasarl\u0131yor; operasyonlar\u0131n\u0131z\u0131 h\u0131zland\u0131ran, izlenebilirli\u011fi art\u0131ran SAP B1 uyumlu \u00e7\u00f6z\u00fcmler geli\u015ftiriyoruz.<\/p>\n\n\n\n<div style=\"height:20px\" aria-hidden=\"true\" class=\"wp-block-spacer\"><\/div>\n<\/div>\n\n\n\n<div class=\"wp-block-column is-layout-flow wp-block-column-is-layout-flow\" style=\"border-style:none;border-width:0px;border-top-left-radius:0px;border-top-right-radius:0px;border-bottom-left-radius:0px;border-bottom-right-radius:0px;padding-right:var(--wp--preset--spacing--30);padding-left:var(--wp--preset--spacing--30)\"><div class=\"wp-block-image icon-style is-style-default\">\n<figure class=\"aligncenter size-full has-custom-border\"><img decoding=\"async\" src=\"https:\/\/sboproje.com\/wp-content\/themes\/neve\/assets\/img\/starter-content\/neve-marketing-icon-4.1.png\" alt=\"\" style=\"border-radius:0px\" title=\"\"\/><\/figure>\n<\/div>\n\n\n<div style=\"height:16px\" aria-hidden=\"true\" class=\"wp-block-spacer\"><\/div>\n\n\n\n<h3 class=\"wp-block-heading has-text-align-center has-neve-text-color-color has-text-color\">Finans <br>ve <br>\u00d6deme Sistemleri<\/h3>\n\n\n\n<p class=\"has-text-align-center\">Banka entegrasyonlar\u0131, \u00f6deme y\u00f6netimi ve finansal s\u00fcre\u00e7lerin otomasyonu i\u00e7in g\u00fcvenilir ve entegre yaz\u0131l\u0131m \u00e7\u00f6z\u00fcmleri sunuyoruz.<\/p>\n\n\n\n<div style=\"height:20px\" aria-hidden=\"true\" class=\"wp-block-spacer\"><\/div>\n<\/div>\n\n\n\n<div class=\"wp-block-column is-layout-flow wp-block-column-is-layout-flow\" style=\"border-style:none;border-width:0px;border-top-left-radius:0px;border-top-right-radius:0px;border-bottom-left-radius:0px;border-bottom-right-radius:0px;padding-right:var(--wp--preset--spacing--30);padding-left:var(--wp--preset--spacing--30)\"><div class=\"wp-block-image icon-style is-style-default wp-duotone-unset-2\">\n<figure class=\"aligncenter size-full has-custom-border\"><img decoding=\"async\" src=\"https:\/\/sboproje.com\/wp-content\/themes\/neve\/assets\/img\/starter-content\/neve-marketing-icon-3.1.png\" alt=\"\" style=\"border-radius:0px\" title=\"\"\/><\/figure>\n<\/div>\n\n\n<div style=\"height:16px\" aria-hidden=\"true\" class=\"wp-block-spacer\"><\/div>\n\n\n\n<h3 class=\"wp-block-heading has-text-align-center has-neve-text-color-color has-text-color\">e-Bildirim ve <br>e-D\u00f6n\u00fc\u015f\u00fcm \u00c7\u00f6z\u00fcmleri<\/h3>\n\n\n\n<p class=\"has-text-align-center\">e-Fatura, e-Ar\u015fiv, e-\u0130rsaliye gibi t\u00fcm e-d\u00f6n\u00fc\u015f\u00fcm uygulamalar\u0131n\u0131n yan\u0131 s\u0131ra e-bildirim s\u00fcre\u00e7lerinizi de kapsayan, mevzuata tam uyumlu ve kesintisiz \u00e7al\u0131\u015fan entegrasyon \u00e7\u00f6z\u00fcmleri geli\u015ftiriyoruz.<\/p>\n\n\n\n<div style=\"height:20px\" aria-hidden=\"true\" class=\"wp-block-spacer\"><\/div>\n<\/div>\n\n\n\n<div class=\"wp-block-column is-layout-flow wp-block-column-is-layout-flow\" style=\"border-style:none;border-width:0px;border-top-left-radius:0px;border-top-right-radius:0px;border-bottom-left-radius:0px;border-bottom-right-radius:0px;padding-right:var(--wp--preset--spacing--30);padding-left:var(--wp--preset--spacing--30)\"><div class=\"wp-block-image icon-style is-style-default wp-duotone-unset-3\">\n<figure class=\"aligncenter size-full has-custom-border\"><img decoding=\"async\" src=\"https:\/\/sboproje.com\/wp-content\/themes\/neve\/assets\/img\/starter-content\/neve-marketing-icon-2.png\" alt=\"\" style=\"border-radius:0px\" title=\"\"\/><\/figure>\n<\/div>\n\n\n<div style=\"height:16px\" aria-hidden=\"true\" class=\"wp-block-spacer\"><\/div>\n\n\n\n<h3 class=\"wp-block-heading has-text-align-center has-neve-text-color-color has-text-color\">Entegrasyon <br>ve <br>\u00d6zel Geli\u015ftirme<\/h3>\n\n\n\n<p class=\"has-text-align-center\">SAP B1 \u00fczerinde ihtiya\u00e7lar\u0131n\u0131za \u00f6zel mod\u00fcller, entegrasyonlar ve i\u015flevsel geli\u015ftirmeler olu\u015fturarak sisteminizi daha esnek ve \u00f6l\u00e7eklenebilir hale getiriyoruz.<\/p>\n\n\n\n<div style=\"height:20px\" aria-hidden=\"true\" class=\"wp-block-spacer\"><\/div>\n<\/div>\n<\/div>\n\n\n\n<div class=\"wp-block-cover alignfull has-nv-text-dark-bg-color has-text-color has-link-color wp-elements-46d50e1c0a7e3f6a8ddd34fe8d4d01e0\" style=\"padding-top:var(--wp--preset--spacing--30);padding-right:0;padding-bottom:var(--wp--preset--spacing--30);padding-left:0;min-height:500px;aspect-ratio:unset;\"><span aria-hidden=\"true\" class=\"wp-block-cover__background has-nv-dark-bg-background-color has-background-dim-90 has-background-dim\"><\/span><div class=\"wp-block-cover__inner-container is-layout-flow wp-block-cover-is-layout-flow\">\n<div class=\"wp-block-columns is-layout-flex wp-container-core-columns-is-layout-9d6595d7 wp-block-columns-is-layout-flex\">\n<div class=\"wp-block-column ticss-f6fc7494 is-layout-flow wp-block-column-is-layout-flow\">\n<p class=\"has-text-align-center has-large-font-size\">\ud83d\udcc8<\/p>\n\n\n\n<p class=\"has-text-align-center has-medium-font-size\">Finansal ve <br>Operasyonel Performans<\/p>\n\n\n\n<p class=\"has-text-align-center has-nv-text-dark-bg-color has-text-color has-small-font-size\">SAP Business One \u00fczerinden k\u00e2rl\u0131l\u0131k, maliyet ve operasyonel performans\u0131 \u00f6l\u00e7\u00fclebilir hale getiriyoruz.<\/p>\n<\/div>\n\n\n\n<div class=\"wp-block-column ticss-a5b4df29 is-layout-flow wp-block-column-is-layout-flow\">\n<p class=\"has-text-align-center has-large-font-size\">\ud83c\udfc5<\/p>\n\n\n\n<p class=\"has-text-align-center has-medium-font-size\">Kurumsal Yetkinlik ve G\u00fcvenilirlik<\/p>\n\n\n\n<p class=\"has-text-align-center has-nv-text-dark-bg-color has-text-color has-small-font-size\">Farkl\u0131 sekt\u00f6rlerde kan\u0131tlanm\u0131\u015f proje deneyimimizle d\u00fc\u015f\u00fck riskli ve s\u00fcrd\u00fcr\u00fclebilir \u00e7\u00f6z\u00fcmler sunuyoruz.<\/p>\n<\/div>\n\n\n\n<div class=\"wp-block-column ticss-a5b4df29 is-layout-flow wp-block-column-is-layout-flow\">\n<p class=\"has-text-align-center has-large-font-size\">\ud83d\udc65<\/p>\n\n\n\n<p class=\"has-text-align-center has-medium-font-size\">Y\u00f6netim ve <br>Organizasyon Deste\u011fi<\/p>\n\n\n\n<p class=\"has-text-align-center has-nv-text-dark-bg-color has-text-color has-small-font-size\">\u00dcst y\u00f6netimin karar alma s\u00fcre\u00e7lerini destekleyen, \u015feffaf ve kontrol edilebilir sistemler kuruyoruz.<\/p>\n<\/div>\n\n\n\n<div class=\"wp-block-column ticss-a5b4df29 is-layout-flow wp-block-column-is-layout-flow\">\n<p class=\"has-text-align-center has-large-font-size\" style=\"border-style:none;border-width:0px\">\ud83d\udcdd<\/p>\n\n\n\n<p class=\"has-text-align-center has-medium-font-size\">Uyumlu ve <br>Standartla\u015ft\u0131r\u0131lm\u0131\u015f S\u00fcre\u00e7ler<\/p>\n\n\n\n<p class=\"has-text-align-center has-nv-text-dark-bg-color has-text-color has-small-font-size\">SAP B1 \u00fczerinde mevzuata, i\u00e7 denetime ve kurumsal standartlara uyumlu s\u00fcre\u00e7ler tasarl\u0131yoruz.<\/p>\n<\/div>\n<\/div>\n\n\n\n<div class=\"wp-block-columns is-layout-flex wp-container-core-columns-is-layout-9d6595d7 wp-block-columns-is-layout-flex\">\n<div class=\"wp-block-column ticss-f6fc7494 is-layout-flow wp-block-column-is-layout-flow\">\n<p class=\"has-text-align-center has-x-large-font-size\">\ud83d\udcca<\/p>\n\n\n\n<p class=\"has-text-align-center has-medium-font-size\"><mark style=\"background-color:rgba(0, 0, 0, 0)\" class=\"has-inline-color has-nv-light-bg-color\">S\u00fcrekli \u0130zleme <\/mark><br><mark style=\"background-color:rgba(0, 0, 0, 0)\" class=\"has-inline-color has-nv-light-bg-color\">ve Raporlama<\/mark><\/p>\n\n\n\n<p class=\"has-text-align-center has-nv-text-dark-bg-color has-text-color has-small-font-size\">Finansal ve operasyonel verileri anl\u0131k izlenebilir, raporlanabilir ve denetlenebilir hale getiriyoruz.<\/p>\n<\/div>\n\n\n\n<div class=\"wp-block-column ticss-a5b4df29 is-layout-flow wp-block-column-is-layout-flow\">\n<p class=\"has-text-align-center has-x-large-font-size\">\ud83e\udd1d<\/p>\n\n\n\n<p class=\"has-text-align-center has-medium-font-size\">G\u00fcvenli Finansal Entegrasyonlar<\/p>\n\n\n\n<p class=\"has-text-align-center has-nv-text-dark-bg-color has-text-color has-small-font-size\">Banka, \u00f6deme ve finansal sistemlerle entegre, kontrol\u00fc g\u00fc\u00e7lendiren \u00e7\u00f6z\u00fcmler sa\u011fl\u0131yoruz.<\/p>\n<\/div>\n\n\n\n<div class=\"wp-block-column ticss-a5b4df29 is-layout-flow wp-block-column-is-layout-flow\">\n<p class=\"has-text-align-center has-x-large-font-size\">\ud83c\udf0d<\/p>\n\n\n\n<p class=\"has-text-align-center has-medium-font-size\">\u00d6l\u00e7eklenebilir <br>Kurumsal Altyap\u0131<\/p>\n\n\n\n<p class=\"has-text-align-center has-nv-text-dark-bg-color has-text-color has-small-font-size\">\u015eirketiniz b\u00fcy\u00fcrken SAP Business One altyap\u0131n\u0131z\u0131n ayn\u0131 h\u0131zda ve g\u00fcvenle \u00f6l\u00e7eklenmesini sa\u011fl\u0131yoruz.<\/p>\n<\/div>\n\n\n\n<div class=\"wp-block-column ticss-a5b4df29 is-layout-flow wp-block-column-is-layout-flow\">\n<p class=\"has-text-align-center has-x-large-font-size\">\ud83c\udfaf<\/p>\n\n\n\n<p class=\"has-text-align-center has-medium-font-size\">Hedef ve <br>Sonu\u00e7 Odakl\u0131 Uygulama<\/p>\n\n\n\n<p class=\"has-text-align-center has-nv-text-dark-bg-color has-text-color has-small-font-size\">SAP Business One yat\u0131r\u0131mlar\u0131n\u0131zdan somut fayda, verimlilik ve geri d\u00f6n\u00fc\u015f elde etmenizi hedefliyoruz.<\/p>\n<\/div>\n<\/div>\n\n\n\n<div style=\"height:0px\" aria-hidden=\"true\" class=\"wp-block-spacer\"><\/div>\n<\/div><\/div>\n\n\n\n<div class=\"wp-block-cover alignfull\" style=\"min-height:600px;aspect-ratio:unset;\"><span aria-hidden=\"true\" class=\"wp-block-cover__background has-nv-site-bg-background-color has-background-dim-100 has-background-dim\"><\/span><div class=\"wp-block-cover__inner-container is-layout-flow wp-block-cover-is-layout-flow\">\n<div class=\"wp-block-group\"><div class=\"wp-block-group__inner-container is-layout-flow wp-block-group-is-layout-flow\">\n<div style=\"height:80px\" aria-hidden=\"true\" class=\"wp-block-spacer\"><\/div>\n\n\n\n<div class=\"wp-block-columns are-vertically-aligned-center is-layout-flex wp-container-core-columns-is-layout-9d6595d7 wp-block-columns-is-layout-flex\">\n<div class=\"wp-block-column is-vertically-aligned-center is-layout-flow wp-block-column-is-layout-flow\" style=\"padding-right:var(--wp--preset--spacing--30);padding-left:var(--wp--preset--spacing--30);flex-basis:50%\">\n<figure class=\"wp-block-image size-full has-custom-border is-style-default wp-duotone-unset-4\"><img loading=\"lazy\" decoding=\"async\" width=\"676\" height=\"439\" src=\"https:\/\/sboproje.com\/wp-content\/uploads\/2026\/01\/pzzl.jpg\" alt=\"\" class=\"wp-image-81\" style=\"border-radius:16px\" srcset=\"https:\/\/sboproje.com\/wp-content\/uploads\/2026\/01\/pzzl.jpg 676w, https:\/\/sboproje.com\/wp-content\/uploads\/2026\/01\/pzzl-300x195.jpg 300w\" sizes=\"auto, (max-width: 676px) 100vw, 676px\" \/><\/figure>\n<\/div>\n\n\n\n<div class=\"wp-block-column is-vertically-aligned-center is-layout-flow wp-block-column-is-layout-flow\" style=\"padding-right:var(--wp--preset--spacing--30);padding-left:var(--wp--preset--spacing--30);flex-basis:50%\">\n<p class=\"has-text-align-left has-neve-text-color-color has-text-color\" style=\"font-size:17px\"><strong>SBO Proje Dan\u0131\u015fmanl\u0131k<\/strong> ekibi olarak SAP Business One \u00fcr\u00fcnlerini; sekt\u00f6r, \u00fcr\u00fcn ya da mod\u00fcl baz\u0131nda de\u011fil, i\u015f s\u00fcre\u00e7lerinde yaratt\u0131\u011f\u0131m\u0131z katma de\u011fer \u00fczerinden ele al\u0131yoruz.<br>Finans, e-D\u00f6n\u00fc\u015f\u00fcm, \u00fcretim, depo, operasyon ve entegrasyon alanlar\u0131nda u\u00e7tan uca \u00e7\u00f6z\u00fcmler sunuyoruz.<\/p>\n\n\n\n<div style=\"height:20px\" aria-hidden=\"true\" class=\"wp-block-spacer\"><\/div>\n\n\n\n<div class=\"wp-block-buttons has-custom-font-size has-small-font-size is-content-justification-left is-layout-flex wp-container-core-buttons-is-layout-fdcfc74e wp-block-buttons-is-layout-flex\">\n<div class=\"wp-block-button is-style-default\"><a class=\"wp-block-button__link has-nv-text-dark-bg-color has-neve-link-color-background-color has-text-color has-background has-link-color has-custom-font-size wp-element-button\" href=\"https:\/\/sboproje.com\/index.php\/proje-ayrintilari\/\" style=\"font-size:16px\">Projeleri \u0130ncele<\/a><\/div>\n<\/div>\n<\/div>\n<\/div>\n\n\n\n<div class=\"wp-block-columns are-vertically-aligned-center is-layout-flex wp-container-core-columns-is-layout-9d6595d7 wp-block-columns-is-layout-flex\">\n<div class=\"wp-block-column is-vertically-aligned-center is-layout-flow wp-block-column-is-layout-flow\" style=\"padding-right:var(--wp--preset--spacing--30);padding-left:var(--wp--preset--spacing--30);flex-basis:50%\">\n<div style=\"height:20px\" aria-hidden=\"true\" class=\"wp-block-spacer\"><\/div>\n\n\n\n<h2 class=\"wp-block-heading has-text-align-left has-neve-text-color-color has-text-color\">SAP Business One\u2019da S\u00fcre\u00e7lerinizi Bir \u00dcst Seviyeye Ta\u015f\u0131yal\u0131m<\/h2>\n\n\n\n<p class=\"has-text-align-left has-neve-text-color-color has-text-color\" style=\"font-size:17px\">SAP Business One projelerinde yaln\u0131zca \u00e7\u00f6z\u00fcm sunmuyor, i\u015finize de\u011fer katan s\u00fcre\u00e7ler tasarl\u0131yoruz.<br>Do\u011fru \u00e7\u00f6z\u00fcm\u00fcn nas\u0131l kurgulanaca\u011f\u0131n\u0131 birlikte konu\u015fal\u0131m.<\/p>\n\n\n\n<div style=\"height:20px\" aria-hidden=\"true\" class=\"wp-block-spacer\"><\/div>\n\n\n\n<div class=\"wp-block-buttons has-custom-font-size has-small-font-size is-content-justification-left is-layout-flex wp-container-core-buttons-is-layout-fdcfc74e wp-block-buttons-is-layout-flex\">\n<div class=\"wp-block-button is-style-default\"><a class=\"wp-block-button__link has-nv-text-dark-bg-color has-neve-link-color-background-color has-text-color has-background has-link-color has-custom-font-size wp-element-button\" href=\"https:\/\/sboproje.com\/index.php\/contact\/\" style=\"font-size:16px\">Bizimle \u0130leti\u015fime Ge\u00e7in<\/a><\/div>\n<\/div>\n<\/div>\n\n\n\n<div class=\"wp-block-column is-vertically-aligned-center is-layout-flow wp-block-column-is-layout-flow\" style=\"padding-right:var(--wp--preset--spacing--30);padding-left:var(--wp--preset--spacing--30);flex-basis:50%\">\n<figure class=\"wp-block-image size-full is-resized has-custom-border is-style-default\"><img loading=\"lazy\" decoding=\"async\" width=\"275\" height=\"238\" src=\"https:\/\/sboproje.com\/wp-content\/uploads\/2026\/01\/concat.jpg\" alt=\"\" class=\"wp-image-86\" style=\"border-radius:16px;aspect-ratio:1.155538047403322;width:427px;height:auto\"\/><\/figure>\n<\/div>\n<\/div>\n\n\n\n<div style=\"height:40px\" aria-hidden=\"true\" class=\"wp-block-spacer\"><\/div>\n<\/div><\/div>\n<\/div><\/div>\n\n\n\n<p><\/p>\n","protected":false},"excerpt":{"rendered":"<p>\u0130\u015f S\u00fcre\u00e7leri ve Operasyon Y\u00f6netimi Sat\u0131\u015f, sat\u0131nalma, depo ve \u00fcretim s\u00fcre\u00e7leriniz i\u00e7in u\u00e7tan uca i\u015f ak\u0131\u015flar\u0131 tasarl\u0131yor; operasyonlar\u0131n\u0131z\u0131 h\u0131zland\u0131ran, izlenebilirli\u011fi art\u0131ran SAP B1 uyumlu \u00e7\u00f6z\u00fcmler geli\u015ftiriyoruz. Finans ve \u00d6deme Sistemleri Banka entegrasyonlar\u0131, \u00f6deme y\u00f6netimi ve finansal s\u00fcre\u00e7lerin otomasyonu i\u00e7in g\u00fcvenilir ve entegre yaz\u0131l\u0131m \u00e7\u00f6z\u00fcmleri sunuyoruz. e-Bildirim ve e-D\u00f6n\u00fc\u015f\u00fcm \u00c7\u00f6z\u00fcmleri e-Fatura, e-Ar\u015fiv, e-\u0130rsaliye gibi t\u00fcm e-d\u00f6n\u00fc\u015f\u00fcm&hellip;&nbsp;<a href=\"https:\/\/sboproje.com\/\" rel=\"bookmark\"><span class=\"screen-reader-text\">Ana sayfa<\/span><\/a><\/p>\n","protected":false},"author":1,"featured_media":0,"parent":0,"menu_order":0,"comment_status":"closed","ping_status":"closed","template":"","meta":{"neve_meta_sidebar":"","neve_meta_container":"default","neve_meta_enable_content_width":"on","neve_meta_content_width":100,"neve_meta_title_alignment":"","neve_meta_author_avatar":"","neve_post_elements_order":"","neve_meta_disable_header":"","neve_meta_disable_footer":"","neve_meta_disable_title":"on","footnotes":""},"class_list":["post-10","page","type-page","status-publish","hentry"],"_links":{"self":[{"href":"https:\/\/sboproje.com\/index.php\/wp-json\/wp\/v2\/pages\/10","targetHints":{"allow":["GET"]}}],"collection":[{"href":"https:\/\/sboproje.com\/index.php\/wp-json\/wp\/v2\/pages"}],"about":[{"href":"https:\/\/sboproje.com\/index.php\/wp-json\/wp\/v2\/types\/page"}],"author":[{"embeddable":true,"href":"https:\/\/sboproje.com\/index.php\/wp-json\/wp\/v2\/users\/1"}],"replies":[{"embeddable":true,"href":"https:\/\/sboproje.com\/index.php\/wp-json\/wp\/v2\/comments?post=10"}],"version-history":[{"count":32,"href":"https:\/\/sboproje.com\/index.php\/wp-json\/wp\/v2\/pages\/10\/revisions"}],"predecessor-version":[{"id":89,"href":"https:\/\/sboproje.com\/index.php\/wp-json\/wp\/v2\/pages\/10\/revisions\/89"}],"wp:attachment":[{"href":"https:\/\/sboproje.com\/index.php\/wp-json\/wp\/v2\/media?parent=10"}],"curies":[{"name":"wp","href":"https:\/\/api.w.org\/{rel}","templated":true}]}}